{"id":7,"date":"2023-02-15T10:28:55","date_gmt":"2023-02-15T10:28:55","guid":{"rendered":"https:\/\/xn--elektrissteemid-6vb.ee\/?page_id=7"},"modified":"2023-02-15T10:55:06","modified_gmt":"2023-02-15T10:55:06","slug":"avaleht","status":"publish","type":"page","link":"https:\/\/xn--elektrissteemid-6vb.ee\/","title":{"rendered":"K\u00e4idukorraldus"},"content":{"rendered":"\n<p>&nbsp;Usalda oma elektripaigaldise ohutus meie ekspertidele.<\/p>\n\n\n\n<p>K\u00e4idukorralduse peamine eesm\u00e4rk on elektririkkeid ennetada,<br>mitte tegeleda v\u00f5imalike tagaj\u00e4rgedega. Selleks, et hoone elektris\u00fcsteem oleks<br>t\u00f6\u00f6korras ja ohutu, vajab see j\u00e4rjepidevat hooldamist.<\/p>\n\n\n\n<p>Kui elektris\u00fcsteemi peakaitse on suurem kui 100 A, on<br>k\u00e4idukorraldus kohustuslik.<\/p>\n\n\n\n<h4 class=\"wp-block-heading\">Miks eelistada k\u00e4idukorraldajana meid?<\/h4>\n\n\n\n<ul class=\"wp-block-list\">\n<li>Usaldusv\u00e4\u00e4rne ja mugav<\/li>\n<\/ul>\n\n\n\n<p>Pakume terviklikku teenust, haldame kogu elektris\u00fcsteemi ja<br>v\u00f5tame asjaajamise enda peale.<\/p>\n\n\n\n<ul class=\"wp-block-list\">\n<li>J\u00e4rjepidev kontrollimine<\/li>\n<\/ul>\n\n\n\n<p>Teeme korrap\u00e4raselt elektris\u00fcsteemi tehnilisi kontrolle, et<br>avastada k\u00f5rvalekalded v\u00f5imalikult kiiresti.<\/p>\n\n\n\n<ul class=\"wp-block-list\">\n<li>Hoiame paberid korras<\/li>\n<\/ul>\n\n\n\n<p>Hoiame korras hoone elektris\u00fcsteemi dokumentatsiooni, sh<br>projektid.<\/p>\n\n\n\n<ul class=\"wp-block-list\">\n<li>Igak\u00fclgne abi alati olemas<\/li>\n<\/ul>\n\n\n\n<p>Meie k\u00e4idukorralduse teenus sisaldab peale kohustusliku<br>elektripaigaldise k\u00e4idu ka abi hoone elanikele ja rentnikele elektriprobleemide<br>lahendamisel.<\/p>\n\n\n\n<ul class=\"wp-block-list\">\n<li>Kliendi huvide esindamine ja asjaajamine<\/li>\n<\/ul>\n\n\n\n<p>Esindamine erinevates asutustes (nt. P\u00e4\u00e4steamet, Tehnilise<br>J\u00e4relvalve Amet, Kindlustused, Politsei- ja Piirivalveamet )<\/p>\n\n\n\n<h3 class=\"wp-block-heading\">K\u00e4idukorralduses n\u00f5utud dokumendid<\/h3>\n\n\n\n<p>K\u00e4idup\u00e4evik<\/p>\n\n\n\n<p>Turvavalgustuse p\u00e4evik<\/p>\n\n\n\n<p>Piksekaitse kontroll akt<\/p>\n\n\n\n<p>Turvavalgustuse aastane test<\/p>\n\n\n\n<p>Elektripaigadlise audit<\/p>\n\n\n\n<p>Elektripaigaldise m\u00f5\u00f5distus<\/p>\n\n\n\n<p>Maanduspaigaldise m\u00f5\u00f5distus<\/p>\n\n\n\n<h4 class=\"wp-block-heading\">Meie eelised Teiste k\u00e4idukorraldajate ees:<\/h4>\n\n\n\n<p>Meil on kogemus lahendustega, mis s\u00e4\u00e4stab Teile<br>raha, m\u00f5tleme rohkem kastist v\u00e4lja kui elektripaigaldise ohtu toimimine.<\/p>\n\n\n\n<p>Valgustus (valgusjuhtimine, LED-valgustid)<\/p>\n\n\n\n<p>Reaktiivenergia kompenseerimine<\/p>\n\n\n\n<p>P\u00e4iksepaneelid<\/p>\n\n\n\n<p>Hooneautomaatika (v\u00f5imalik v\u00e4hendada elektritarbimist 20-30%<br>v\u00e4iksemate \u00fcmberehitustega)<\/p>\n\n\n\n<p>Kaasaegne t\u00f6\u00f6korraldus (digitaalp\u00e4evikud, info andmepilves)<\/p>\n\n\n\n<p>T\u00f6\u00f6keskonna kogemus (t\u00f6\u00f6stused, plahvatusohuga tsoonid,<br>haiglad, avalikud asutused)<\/p>\n\n\n\n<p>T\u00f6\u00f6stusautomaatika, hooneautomaatika, energeetika alane<br>n\u00f5ustamine, insenerit\u00f6\u00f6 k\u00f5ik \u00fchest kohast<\/p>\n\n\n\n<p>Generaatorite paigaldus, hooldus, haldus,<br>kaugjuhtimine<\/p>\n\n\n\n<h4 class=\"wp-block-heading\">Milliseid t\u00f6id k\u00e4it sisaldab?<\/h4>\n\n\n\n<p>K\u00e4idut\u00f6\u00f6de k\u00e4igus teeb tehnik j\u00e4rgmisi t\u00f6id:<\/p>\n\n\n\n<p>\u2022&nbsp;&nbsp;&nbsp;&nbsp;&nbsp;&nbsp;&nbsp;&nbsp;&nbsp;&nbsp;&nbsp; Kilpide \u00fcldise seisukorra visuaalne kontroll<\/p>\n\n\n\n<p>\u2022&nbsp;&nbsp;&nbsp;&nbsp;&nbsp;&nbsp;&nbsp;&nbsp;&nbsp;&nbsp;&nbsp; Rikkevoolu kaitsel\u00fclitite testimine<\/p>\n\n\n\n<p>\u2022&nbsp;&nbsp;&nbsp;&nbsp;&nbsp;&nbsp;&nbsp;&nbsp;&nbsp;&nbsp;&nbsp; Elektriskeemide&nbsp;olemasolu ja tegelikkusele vastavuse kontroll<\/p>\n\n\n\n<p>\u2022&nbsp;&nbsp;&nbsp;&nbsp;&nbsp;&nbsp;&nbsp;&nbsp;&nbsp;&nbsp;&nbsp; Siltide ja&nbsp;markeeringute olemasolu kontroll<\/p>\n\n\n\n<p>\u2022&nbsp;&nbsp;&nbsp;&nbsp;&nbsp;&nbsp;&nbsp;&nbsp;&nbsp;&nbsp;&nbsp; Kontaktorite ja releede vibratsiooni ja m\u00fcra kontroll<\/p>\n\n\n\n<p>\u2022&nbsp;&nbsp;&nbsp;&nbsp;&nbsp;&nbsp;&nbsp;&nbsp;&nbsp;&nbsp;&nbsp; Elektrikaablite ja maanduspaigaldise visuaalne \u00fclevaatus<\/p>\n\n\n\n<p>\u2022&nbsp;&nbsp;&nbsp;&nbsp;&nbsp;&nbsp;&nbsp;&nbsp;&nbsp;&nbsp;&nbsp; Kaablite ja kaitseaparatuuri \u00fclevaatus\/kontroll<\/p>\n\n\n\n<p>\u2022&nbsp;&nbsp;&nbsp;&nbsp;&nbsp;&nbsp;&nbsp;&nbsp;&nbsp;&nbsp;&nbsp; \u00dchendusklemmide ja poltliideste pingutamine<\/p>\n\n\n\n<p>\u2022&nbsp;&nbsp;&nbsp;&nbsp;&nbsp;&nbsp;&nbsp;&nbsp;&nbsp;&nbsp;&nbsp; Kuumenemisj\u00e4lgede puudumise kontroll<\/p>\n\n\n\n<p>\u2022&nbsp;&nbsp;&nbsp;&nbsp;&nbsp;&nbsp;&nbsp;&nbsp;&nbsp;&nbsp;&nbsp; Maandusjuhtide olemasolu ja seisukorra kontroll<\/p>\n\n\n\n<p>\u2022&nbsp;&nbsp;&nbsp;&nbsp;&nbsp;&nbsp;&nbsp;&nbsp;&nbsp;&nbsp;&nbsp; Kaitseaparatuuri&nbsp;n\u00f5uetele vastavuse kontroll<\/p>\n\n\n\n<p>\u2022&nbsp;&nbsp;&nbsp;&nbsp;&nbsp;&nbsp;&nbsp;&nbsp;&nbsp;&nbsp;&nbsp; Kaablite&nbsp;t\u00e4histuse ja tegelikkusele vastavuse kontroll<\/p>\n\n\n\n<p>\u2022&nbsp;&nbsp;&nbsp;&nbsp;&nbsp;&nbsp;&nbsp;&nbsp;&nbsp;&nbsp;&nbsp; Evakuatsioonivalgustuse&nbsp;kontroll (soovi korral)<\/p>\n\n\n\n<h4 class=\"wp-block-heading\">Mida peaksid kliendid elektripaigaldise k\u00e4idu puhul silmas<br>pidama?<\/h4>\n\n\n\n<p>\u2022 Kui&nbsp;elektris\u00fcsteemi peakaitse (hoone peakaitse) \u00fcletab 100 amprit, on<br>k\u00e4idukorraldaja olemasolu kohustuslik.<\/p>\n\n\n\n<p>\u2022 K\u00e4idukorraldaja&nbsp;on f\u00fc\u00fcsiline isik, kes on elektrivaldkonnas p\u00e4dev (lepingus peab olema info<br>p\u00e4devustunnistuse kohta) ning juhib elektripaigaldise k\u00e4itu ja elektrit\u00f6id.<\/p>\n\n\n\n<p>\u2022 Soovitame&nbsp;kliendil t\u00e4pselt v\u00e4lja selgitada, milline on maja \u00fcldelektris\u00fcsteem ja mis<br>selle alla ei kuulu.<\/p>\n\n\n\n<p>\u2022 Lambipirnide&nbsp;vahetus ja rikete operatiivne likvideerimine ei pruugi olla k\u00e4iduteenuse osa,<br>kuigi just neid tegevusi kiputakse pidama k\u00e4idukorralduseks. K\u00e4idukorralduse<br>eesm\u00e4rk on rikkeid ennetada, mitte tegeleda tagaj\u00e4rgedega.<\/p>\n","protected":false},"excerpt":{"rendered":"<p>&nbsp;Usalda oma elektripaigaldise ohutus meie ekspertidele. K\u00e4idukorralduse peamine eesm\u00e4rk on elektririkkeid ennetada,mitte tegeleda v\u00f5imalike tagaj\u00e4rgedega. Selleks, et hoone elektris\u00fcsteem olekst\u00f6\u00f6korras ja ohutu, vajab see j\u00e4rjepidevat hooldamist. Kui elektris\u00fcsteemi peakaitse on suurem kui 100 A, onk\u00e4idukorraldus kohustuslik. Miks eelistada k\u00e4idukorraldajana meid? Pakume terviklikku teenust, haldame kogu elektris\u00fcsteemi jav\u00f5tame asjaajamise enda peale. Teeme korrap\u00e4raselt elektris\u00fcsteemi tehnilisi kontrolle, [&hellip;]<\/p>\n","protected":false},"author":1,"featured_media":0,"parent":0,"menu_order":0,"comment_status":"closed","ping_status":"closed","template":"","meta":{"footnotes":""},"class_list":["post-7","page","type-page","status-publish","hentry"],"_links":{"self":[{"href":"https:\/\/xn--elektrissteemid-6vb.ee\/index.php?rest_route=\/wp\/v2\/pages\/7","targetHints":{"allow":["GET"]}}],"collection":[{"href":"https:\/\/xn--elektrissteemid-6vb.ee\/index.php?rest_route=\/wp\/v2\/pages"}],"about":[{"href":"https:\/\/xn--elektrissteemid-6vb.ee\/index.php?rest_route=\/wp\/v2\/types\/page"}],"author":[{"embeddable":true,"href":"https:\/\/xn--elektrissteemid-6vb.ee\/index.php?rest_route=\/wp\/v2\/users\/1"}],"replies":[{"embeddable":true,"href":"https:\/\/xn--elektrissteemid-6vb.ee\/index.php?rest_route=%2Fwp%2Fv2%2Fcomments&post=7"}],"version-history":[{"count":3,"href":"https:\/\/xn--elektrissteemid-6vb.ee\/index.php?rest_route=\/wp\/v2\/pages\/7\/revisions"}],"predecessor-version":[{"id":39,"href":"https:\/\/xn--elektrissteemid-6vb.ee\/index.php?rest_route=\/wp\/v2\/pages\/7\/revisions\/39"}],"wp:attachment":[{"href":"https:\/\/xn--elektrissteemid-6vb.ee\/index.php?rest_route=%2Fwp%2Fv2%2Fmedia&parent=7"}],"curies":[{"name":"wp","href":"https:\/\/api.w.org\/{rel}","templated":true}]}}