{"id":32,"date":"2023-02-15T10:50:30","date_gmt":"2023-02-15T10:50:30","guid":{"rendered":"https:\/\/xn--elektrissteemid-6vb.ee\/?page_id=32"},"modified":"2023-02-15T10:54:17","modified_gmt":"2023-02-15T10:54:17","slug":"paikeseparkide-hooldus","status":"publish","type":"page","link":"https:\/\/xn--elektrissteemid-6vb.ee\/?page_id=32","title":{"rendered":"P\u00e4ikeseparkide hooldus"},"content":{"rendered":"\n<h3 class=\"wp-block-heading\">Tegeleme p\u00e4ikeseenergiajaamade projekteerimise, ehituse kui ka hooldusega, n\u00f5ustamisest kuni v\u00f5tmed k\u00e4tte lahedustega.&nbsp;<\/h3>\n\n\n\n<h2 class=\"wp-block-heading\">Iga aastane hooldus:<\/h2>\n\n\n\n<p>Iga-aastane p\u00e4iksepargi hooldus on vajalik ohutuse tagamiseks ning on t\u00e4htis ka majanduslikult elektrienergia tootlikkuse kontrolliks. Lisaks n\u00f5uavad omanikult hooldust ka p\u00e4\u00e4steamet, kindlustused ning erinevad ametiasutused avalikelt v\u00f5i \u00fcle 32A suurustel paigaldistelt.<\/p>\n\n\n\n<h2 class=\"wp-block-heading\">5 p\u00f5hjust miks on vaja p\u00e4ikeseparke hooldada?<\/h2>\n\n\n\n<p>\u2022 Tagab p\u00e4ikesejaama pikaajalise maksimaalse toodangu ja seel\u00e4bi investeeringu tootluse<\/p>\n\n\n\n<p>\u2022 V\u00e4listab s\u00e4delahenduse ja enamlevinud elektriliste rikete tekkimise v\u00f5imalused<\/p>\n\n\n\n<p>\u2022 Mustuse eemaldamiseks paneelidelt, et hoida tootlikkust ja pikendada eluiga<\/p>\n\n\n\n<p>\u2022 Termograafiline inspekteerimine toob v\u00e4lja paneelide hotspotid ja v\u00f5imaldab kiirelt paneelide v\u00e4ljavahetuse<\/p>\n\n\n\n<p>\u2022 Inverteri monitoorimine\/hooldamine v\u00f5imaldab m\u00e4rgata v\u00f5imalikke esinevaid probleeme ja need lahendada enne inverteri garantiiaja l\u00f5ppemist<\/p>\n","protected":false},"excerpt":{"rendered":"<p>Tegeleme p\u00e4ikeseenergiajaamade projekteerimise, ehituse kui ka hooldusega, n\u00f5ustamisest kuni v\u00f5tmed k\u00e4tte lahedustega.&nbsp; Iga aastane hooldus: Iga-aastane p\u00e4iksepargi hooldus on vajalik ohutuse tagamiseks ning on t\u00e4htis ka majanduslikult elektrienergia tootlikkuse kontrolliks. Lisaks n\u00f5uavad omanikult hooldust ka p\u00e4\u00e4steamet, kindlustused ning erinevad ametiasutused avalikelt v\u00f5i \u00fcle 32A suurustel paigaldistelt. 5 p\u00f5hjust miks on vaja p\u00e4ikeseparke hooldada? \u2022 Tagab [&hellip;]<\/p>\n","protected":false},"author":1,"featured_media":0,"parent":0,"menu_order":0,"comment_status":"closed","ping_status":"closed","template":"","meta":{"footnotes":""},"class_list":["post-32","page","type-page","status-publish","hentry"],"_links":{"self":[{"href":"https:\/\/xn--elektrissteemid-6vb.ee\/index.php?rest_route=\/wp\/v2\/pages\/32","targetHints":{"allow":["GET"]}}],"collection":[{"href":"https:\/\/xn--elektrissteemid-6vb.ee\/index.php?rest_route=\/wp\/v2\/pages"}],"about":[{"href":"https:\/\/xn--elektrissteemid-6vb.ee\/index.php?rest_route=\/wp\/v2\/types\/page"}],"author":[{"embeddable":true,"href":"https:\/\/xn--elektrissteemid-6vb.ee\/index.php?rest_route=\/wp\/v2\/users\/1"}],"replies":[{"embeddable":true,"href":"https:\/\/xn--elektrissteemid-6vb.ee\/index.php?rest_route=%2Fwp%2Fv2%2Fcomments&post=32"}],"version-history":[{"count":3,"href":"https:\/\/xn--elektrissteemid-6vb.ee\/index.php?rest_route=\/wp\/v2\/pages\/32\/revisions"}],"predecessor-version":[{"id":38,"href":"https:\/\/xn--elektrissteemid-6vb.ee\/index.php?rest_route=\/wp\/v2\/pages\/32\/revisions\/38"}],"wp:attachment":[{"href":"https:\/\/xn--elektrissteemid-6vb.ee\/index.php?rest_route=%2Fwp%2Fv2%2Fmedia&parent=32"}],"curies":[{"name":"wp","href":"https:\/\/api.w.org\/{rel}","templated":true}]}}