{"id":30,"date":"2023-02-15T10:50:05","date_gmt":"2023-02-15T10:50:05","guid":{"rendered":"https:\/\/xn--elektrissteemid-6vb.ee\/?page_id=30"},"modified":"2023-02-15T11:20:27","modified_gmt":"2023-02-15T11:20:27","slug":"piksekaitse-kontroll","status":"publish","type":"page","link":"https:\/\/xn--elektrissteemid-6vb.ee\/?page_id=30","title":{"rendered":"Piksekaitse kontroll"},"content":{"rendered":"\n<p>Olenevalt elektripaigaldise liigist tuleb kontrollida piksekaitset:<\/p>\n\n\n\n<figure class=\"wp-block-image size-full\"><img loading=\"lazy\" decoding=\"async\" width=\"984\" height=\"354\" src=\"https:\/\/xn--elektrissteemid-6vb.ee\/wp-content\/uploads\/2023\/02\/Screenshot-2023-02-15-at-13.07.23.png\" alt=\"\" class=\"wp-image-48\" srcset=\"https:\/\/xn--elektrissteemid-6vb.ee\/wp-content\/uploads\/2023\/02\/Screenshot-2023-02-15-at-13.07.23.png 984w, https:\/\/xn--elektrissteemid-6vb.ee\/wp-content\/uploads\/2023\/02\/Screenshot-2023-02-15-at-13.07.23-300x108.png 300w, https:\/\/xn--elektrissteemid-6vb.ee\/wp-content\/uploads\/2023\/02\/Screenshot-2023-02-15-at-13.07.23-768x276.png 768w\" sizes=\"auto, (max-width: 984px) 100vw, 984px\" \/><\/figure>\n\n\n\n<p>Piksekaitses\u00fcsteeme, mida kasutatakse ehitistes, kus oht tuleneb\u00a0plahvatusohtlikest materjalidest, peab visuaalselt kontrollima iga 6 kuu tagant. Paigaldise elektrilised katsetused tuleb teha kord aastas.\u00a0Igaaastase katsetamise kava vastuv\u00f5etavaks erandiks v\u00f5ib olla katsete sooritamine 14&#8230;15 kuuliste\u00a0vahemikega, kui\u00a0seda loetakse eelistatuks seet\u00f5ttu, et nii m\u00f5\u00f5detakse maandustakistust eri aastaaegadel ning saadakse infot selle sesoonsete muutuste kohta.<\/p>\n\n\n\n<p>Piksekaitsesusteemi kontrolli\u00a0info p\u00e4\u00e4steametilt:<br><a href=\"https:\/\/www.rescue.ee\/files\/2018-10\/piksekaitses-steemi-kontroll-15.06.2015.pdf?5aa7f2e5ea\">https:\/\/www.rescue.ee\/files\/2018-10\/piksekaitses-steemi-kontroll-15.06.2015.pdf?5aa7f2e5ea<\/a><\/p>\n\n\n\n<p>Piksel\u00f6\u00f6k, v\u00e4lgu toime<br>Maapinda tabades v\u00f5ib\u00a0piksel\u00f6\u00f6k p\u00f5hjustada purustusi ja tulekahjusid ning ohustab elusolendeid. Piksel\u00f6\u00f6gist tabatud puudes aurustub vesi momentaalselt, purustades sageli need suurteks t\u00fckkideks. Piksel\u00f6\u00f6gi s\u00e4hvatusele j\u00e4rgnev l\u00f6\u00f6klaine, mis tekkib v\u00e4lgu kuumusest plahvatuslikult paisuvast \u00f5hust ja magnetv\u00e4ljast, p\u00f5hjustab m\u00fcristamise. M\u00fcristavat heli tekitab ka v\u00e4lgu kanalis moodustuv paukgaas.<br><br>Piksel\u00f6\u00f6gist hoidumine, abin\u00f5ud<br>Hoiduda tuleks k\u00f5rgete puude l\u00e4hedusest lagedal v\u00e4ljal. Eriti ohtlikud on lehtpuud nende suure veesisalduse t\u00f5ttu. Koduste elektriseadmete rikkumiseks ei pea pikne tabama maja, piisab, kui\u00a0pikne l\u00f6\u00f6b \u00f5huliinidesse, ja tekkinud pingek\u00f5ikumine kahjustab teie koduelektroonika t\u00e4ielikult. Vara kaitseks \u00e4ikese eest tuleb paigaldada vastavad piksekaitses\u00fcsteemid.<br><br>Pikseaitse vahendid ja lahendused<br>\u00c4ikest ei saa \u00e4ra hoida, aga saab\u00a0piksl\u00f6\u00f6ki suunata mujale paigaldades piksekaitses\u00fcsteemid, et tekiks v\u00f5imalikult v\u00e4he kahjustusi.  K\u00f5ik majad, hooned, laod ja tehased on erinevad. Pinnasest s\u00f5ltub maandustakistus, mis ei tohi \u00fcletada 10 \u03a9.<\/p>\n\n\n\n<p>Ehitisele ja selle osale esitatavad tuleohutusn\u00f5uded &nbsp; &nbsp; &nbsp; &nbsp; &nbsp; &nbsp; &nbsp; &nbsp; &nbsp; &nbsp; &nbsp; &nbsp; &nbsp; &nbsp; &nbsp; &nbsp; &nbsp; &nbsp; &nbsp; &nbsp; &nbsp; &nbsp; &nbsp; &nbsp;<br>\u00a737. Piksekaitse<\/p>\n\n\n\n<p>(1) Piksekaitsena k\u00e4sitatakse k\u00e4esoleva m\u00e4\u00e4ruse t\u00e4henduses tulekahju v\u00e4ltimiseks ehitisse &nbsp; paigaldatud pikse otsetabamuse ja sekundaarilmingu ning maapealsete metallist piksekaitse tehnos\u00fcsteemide kaudu ehitisse siseneva v\u00f5i seal tekkiva elektrilise potentsiaali kuhjumise eest kaitsvat seadet.<\/p>\n\n\n\n<p>(2) Piksekaitse peab olema:<br>1) I, II, IV, V ja VI kasutusviisiga hoonetes, mille k\u00f5rgeim ehitise osa ulatub \u00fcmbruskonna &nbsp;hoonestusest enam kui 15 m k\u00f5rgemale, kusjuures selline ehitis ei asu naaberehitiste &nbsp;piksekaitse tsoonis;<br>2) TP2- ja TP3-klassi kuuluvates II ja IV kasutusviisiga hoonetes, kusjuures piksekaitse &nbsp;olemasolu kohustus ei s\u00f5ltu ehitise k\u00f5rgusest;<br>3) III kasutusviisiga hoonetes, kusjuures piksekaitse olemasolu kohustus ei s\u00f5ltu ehitise &nbsp;tulep\u00fcsivusest ega k\u00f5rgusest;<br>4) VI kasutusviisiga hoonetes, milles toimub tuleohtlik v\u00f5i tule- ja plahvatusohtlik &nbsp; &nbsp; &nbsp; &nbsp; &nbsp; &nbsp; &nbsp;tootmisprotsess v\u00f5i s\u00e4ilitatakse vastava klassiga materjale, kusjuures piksekaitse olemasolu &nbsp;kohustus ei s\u00f5ltu ehitise k\u00f5rgusest;<br>5) lahtistes IV kasutusviisiga ehitistes;<br>6) piksekaitse peab olema kui loomakasvatus hoonetes on enam kui 100 looma.<\/p>\n\n\n\n<p>OLEMASOLEVATE HOONETE PIKSEKAITSE KORRASHOID<br>Piksekaitses\u00fcsteemi peab hooldama regulaarselt selleks, et ta t\u00e4idaks j\u00e4tkuvalt neid n\u00f5udeid, milleks piksekaitse oli algselt projekteeritud. L\u00e4htudes ehitisele omistatud piksekaitse klassist peab piksekaitses\u00fcsteemi projektis olema kindlaks m\u00e4\u00e4ratud, lisaks kontrolli perioodsusele, ka piksekaitse hoolduse vajalik perioodsus. Standard EVS-EN 62305-3 [3] n\u00f5uab, et v\u00f5imu organid ning piksekaitses\u00fcsteemi projekteerija v\u00f5i piksekaitse paigaldaja, koost\u00f6\u00f6s ehitise omaniku v\u00f5i tema esindajaga, peavad kehtestama piksekaitse kontrolli ja hoolduse kavad. M\u00f5lemad kavad peavad olema omavahel koosk\u00f5lastatud.<\/p>\n\n\n\n<p>Kui piksekaitsega kaitstavat ehitist v\u00f5i tema sisse seadet on modifitseeritud v\u00f5i, kui muutub ehitise kasutamise eesm\u00e4rk, v\u00f5ib osutuda vajalikuks piksekaitses\u00fcsteemi modifitseerimine. Kui piksekaitse kontrollimise tulemusena selgub, et remont t\u00f6\u00f6d on vajalikud siis tuleb need remontt\u00f6\u00f6d teha viivitamatult ja mitte oodata j\u00e4rgmist plaanilist hooldust.<\/p>\n\n\n\n<p>1.1 Piksekaitse s\u00fcsteemide&nbsp;hoolduse protseduur<br>Piksekaitse hooldet\u00f6id tuleb teha piksekaitse projektis s\u00e4testatud perioodist sagedamini<br>kui ilmastikust ja keskkonnast tingituna on piksekaitses\u00fcsteemi seisukord halvenenud&nbsp;v\u00f5i&nbsp;kui esinevad v\u00e4lgu poolt p\u00f5hjustatud vigastused.&nbsp;Piksekaitses\u00fcsteemi hoolduse protseduurid peaksid olema ehitise \u00fcldise hoolduse kava osaks.&nbsp;Piksekaitse hoolduskava peab sisaldama loetelu plaanikohastest protseduuridest selliselt, et ta oleks n\u00f5uetekohaselt kasutatav kontroll nimekirjana ja, et teatud hooldus ja kontrolliprotseduure tehtaks reeglip\u00e4raselt nii, et oleks v\u00f5imalik v\u00f5rrelda praegusi ja eelmisi kontroll tulemusi.<\/p>\n\n\n\n<p>Piksekaitse hoolduskava ei erine oluliselt kontrolli kavast. See peab sisaldama j\u00e4rgmisi osi:<br>&#8211; piksekaitses\u00fcsteemi k\u00f5igi juhtide ja komponentide kontroll<br>&#8211; piksekaitses\u00fcsteemi elektrilise katkematuse kontroll<br>&#8211; maandurite s\u00fcsteemi maandustakistuse m\u00f5\u00f5tmine<br>&#8211; liigpingekaitseseadmete kontroll<br>&#8211; piksekaitse komponentide ja juhtide kinnituste \u00fcle vaatamine ja j\u00e4relpingutamine<br>&#8211; vajaduse korral piksekaitse elementide korrosioonikaitse<br>&#8211; piksekaitse kontrollimine veendumaks, et piksekaitses\u00fcsteemi efektiivsus ei ole p\u00e4rast ehitise, v\u00f5i ehitises paikneva seadmestiku, laiendamist v\u00f5i muutmist v\u00e4henenud.<br>&#8211; kontrollitud dokumentatsiooni<br>&#8211; v\u00e4ljastatud piksekaitse kontrolli akti<\/p>\n\n\n\n<p><\/p>\n","protected":false},"excerpt":{"rendered":"<p>Olenevalt elektripaigaldise liigist tuleb kontrollida piksekaitset: Piksekaitses\u00fcsteeme, mida kasutatakse ehitistes, kus oht tuleneb\u00a0plahvatusohtlikest materjalidest, peab visuaalselt kontrollima iga 6 kuu tagant. Paigaldise elektrilised katsetused tuleb teha kord aastas.\u00a0Igaaastase katsetamise kava vastuv\u00f5etavaks erandiks v\u00f5ib olla katsete sooritamine 14&#8230;15 kuuliste\u00a0vahemikega, kui\u00a0seda loetakse eelistatuks seet\u00f5ttu, et nii m\u00f5\u00f5detakse maandustakistust eri aastaaegadel ning saadakse infot selle sesoonsete muutuste kohta. [&hellip;]<\/p>\n","protected":false},"author":1,"featured_media":0,"parent":0,"menu_order":0,"comment_status":"closed","ping_status":"closed","template":"","meta":{"footnotes":""},"class_list":["post-30","page","type-page","status-publish","hentry"],"_links":{"self":[{"href":"https:\/\/xn--elektrissteemid-6vb.ee\/index.php?rest_route=\/wp\/v2\/pages\/30","targetHints":{"allow":["GET"]}}],"collection":[{"href":"https:\/\/xn--elektrissteemid-6vb.ee\/index.php?rest_route=\/wp\/v2\/pages"}],"about":[{"href":"https:\/\/xn--elektrissteemid-6vb.ee\/index.php?rest_route=\/wp\/v2\/types\/page"}],"author":[{"embeddable":true,"href":"https:\/\/xn--elektrissteemid-6vb.ee\/index.php?rest_route=\/wp\/v2\/users\/1"}],"replies":[{"embeddable":true,"href":"https:\/\/xn--elektrissteemid-6vb.ee\/index.php?rest_route=%2Fwp%2Fv2%2Fcomments&post=30"}],"version-history":[{"count":5,"href":"https:\/\/xn--elektrissteemid-6vb.ee\/index.php?rest_route=\/wp\/v2\/pages\/30\/revisions"}],"predecessor-version":[{"id":51,"href":"https:\/\/xn--elektrissteemid-6vb.ee\/index.php?rest_route=\/wp\/v2\/pages\/30\/revisions\/51"}],"wp:attachment":[{"href":"https:\/\/xn--elektrissteemid-6vb.ee\/index.php?rest_route=%2Fwp%2Fv2%2Fmedia&parent=30"}],"curies":[{"name":"wp","href":"https:\/\/api.w.org\/{rel}","templated":true}]}}